{"id":670,"date":"2026-04-08T10:50:18","date_gmt":"2026-04-08T08:50:18","guid":{"rendered":"https:\/\/dentist4me.hu\/?page_id=670"},"modified":"2026-04-13T12:47:28","modified_gmt":"2026-04-13T10:47:28","slug":"rolunk","status":"publish","type":"page","link":"https:\/\/dentist4me.hu\/en\/kezdolap\/rolunk\/","title":{"rendered":"About us"},"content":{"rendered":"\n[et_pb_section][et_pb_row][et_pb_column type=&#8221;4_4&#8243;][et_pb_text]<!-- divi:heading -->\n<h2 class=\"wp-block-heading\">A stresszmentes kezel\u00e9s mindenkinek j\u00e1r.&nbsp;Mindezt&nbsp;<strong>d\u00edjmentes<\/strong>&nbsp;konzult\u00e1ci\u00f3val tessz\u00fck m\u00e9g egyszer\u0171bb\u00e9!<\/h2>\n<!-- \/divi:heading -->\n\n<!-- divi:paragraph {\"align\":\"left\"} -->\n<p class=\"has-text-align-left\">K\u00fcldet\u00e9s\u00fcnk, hogy a p\u00e1cienseink kez\u00e9t fogva \u00e1thidaljuk a neh\u00e9zs\u00e9geket,&nbsp;k\u00fcl\u00f6n\u00f6sen az implant\u00e1ci\u00f3s \u00e9s eszt\u00e9tikai beavatkoz\u00e1sokkal kapcsolatos aggodalmakat, \u00e9s minden sz\u00fcks\u00e9ges inform\u00e1ci\u00f3t megadjunk ahhoz, hogy nyugodtan \u00e9rkezzenek a kezel\u00e9sre.<\/p>\n<!-- \/divi:paragraph -->\n\n<!-- divi:paragraph {\"align\":\"left\"} -->\n<p class=\"has-text-align-left\">Sz\u00e1munkra kiemelten fontos, hogy csak olyan fogorvossal \u00e9s sz\u00e1jseb\u00e9sszel dolgozzunk egy\u00fctt, aki kiv\u00e1l\u00f3 referenci\u00e1k \u00e9s szakmai ismereteken t\u00fal, emberk\u00f6zpont\u00fa szeml\u00e9lettel is rendelkezik.<\/p>\n<!-- \/divi:paragraph -->[\/et_pb_text][\/et_pb_column][\/et_pb_row][\/et_pb_section]\n","protected":false},"excerpt":{"rendered":"<p><div class=\"et_pb_section et_pb_section_0 et_section_regular\" >\n\t\t\t\t\n\t\t\t\t\n\t\t\t\t\n\t\t\t\t\n\t\t\t\t\n\t\t\t\t\n\t\t\t\t\n\t\t\t\t\n\t\t\t\t\n\t\t\t<\/div><div class=\"et_pb_row et_pb_row_0 et_pb_row_empty\">\n\t\t\t\t\n\t\t\t\t\n\t\t\t\t\n\t\t\t\t\n\t\t\t\t\n\t\t\t<\/div><div class=\"et_pb_module et_pb_text et_pb_text_0  et_pb_text_align_left et_pb_bg_layout_light\">\n\t\t\t\t\n\t\t\t\t\n\t\t\t\t\n\t\t\t\t\n\t\t\t\t\n\t\t\t<\/div> A stresszmentes kezel\u00e9s mindenkinek j\u00e1r.&nbsp;Mindezt&nbsp;d\u00edjmentes&nbsp;konzult\u00e1ci\u00f3val tessz\u00fck m\u00e9g egyszer\u0171bb\u00e9! K\u00fcldet\u00e9s\u00fcnk, hogy a p\u00e1cienseink kez\u00e9t fogva \u00e1thidaljuk a neh\u00e9zs\u00e9geket,&nbsp;k\u00fcl\u00f6n\u00f6sen az implant\u00e1ci\u00f3s \u00e9s eszt\u00e9tikai beavatkoz\u00e1sokkal kapcsolatos aggodalmakat, \u00e9s minden sz\u00fcks\u00e9ges inform\u00e1ci\u00f3t megadjunk ahhoz, hogy nyugodtan \u00e9rkezzenek a kezel\u00e9sre. Sz\u00e1munkra kiemelten fontos, hogy csak olyan fogorvossal \u00e9s sz\u00e1jseb\u00e9sszel dolgozzunk egy\u00fctt, aki kiv\u00e1l\u00f3 referenci\u00e1k \u00e9s szakmai ismereteken t\u00fal, emberk\u00f6zpont\u00fa [&hellip;]<\/p>\n","protected":false},"author":2,"featured_media":560,"parent":61,"menu_order":0,"comment_status":"closed","ping_status":"closed","template":"","meta":{"_et_pb_use_builder":"on","_et_pb_old_content":"<!-- wp:heading -->\n<h2 class=\"wp-block-heading\">A stresszmentes kezel\u00e9s mindenkinek j\u00e1r.&nbsp;Mindezt&nbsp;<strong>d\u00edjmentes<\/strong>&nbsp;konzult\u00e1ci\u00f3val tessz\u00fck m\u00e9g egyszer\u0171bb\u00e9!<\/h2>\n<!-- \/wp:heading -->\n\n<!-- wp:paragraph {\"align\":\"left\"} -->\n<p class=\"has-text-align-left\">K\u00fcldet\u00e9s\u00fcnk, hogy a p\u00e1cienseink kez\u00e9t fogva \u00e1thidaljuk a neh\u00e9zs\u00e9geket,&nbsp;k\u00fcl\u00f6n\u00f6sen az implant\u00e1ci\u00f3s \u00e9s eszt\u00e9tikai beavatkoz\u00e1sokkal kapcsolatos aggodalmakat, \u00e9s minden sz\u00fcks\u00e9ges inform\u00e1ci\u00f3t megadjunk ahhoz, hogy nyugodtan \u00e9rkezzenek a kezel\u00e9sre.<\/p>\n<!-- \/wp:paragraph -->\n\n<!-- wp:paragraph {\"align\":\"left\"} -->\n<p class=\"has-text-align-left\">Sz\u00e1munkra kiemelten fontos, hogy csak olyan fogorvossal \u00e9s sz\u00e1jseb\u00e9sszel dolgozzunk egy\u00fctt, aki kiv\u00e1l\u00f3 referenci\u00e1k \u00e9s szakmai ismereteken t\u00fal, emberk\u00f6zpont\u00fa szeml\u00e9lettel is rendelkezik.<\/p>\n<!-- \/wp:paragraph -->","_et_gb_content_width":"","footnotes":""},"class_list":["post-670","page","type-page","status-publish","has-post-thumbnail","hentry"],"yoast_head":"<!-- This site is optimized with the Yoast SEO plugin v26.8 - https:\/\/yoast.com\/product\/yoast-seo-wordpress\/ -->\n<title>R\u00f3lunk - Dentist4me<\/title>\n<meta name=\"robots\" content=\"index, follow, max-snippet:-1, max-image-preview:large, max-video-preview:-1\" \/>\n<link rel=\"canonical\" href=\"https:\/\/dentist4me.hu\/en\/kezdolap\/rolunk\/\" \/>\n<meta property=\"og:locale\" content=\"en_US\" \/>\n<meta property=\"og:type\" content=\"article\" \/>\n<meta property=\"og:title\" content=\"R\u00f3lunk - Dentist4me\" \/>\n<meta property=\"og:description\" content=\"A stresszmentes kezel\u00e9s mindenkinek j\u00e1r.&nbsp;Mindezt&nbsp;d\u00edjmentes&nbsp;konzult\u00e1ci\u00f3val tessz\u00fck m\u00e9g egyszer\u0171bb\u00e9! K\u00fcldet\u00e9s\u00fcnk, hogy a p\u00e1cienseink kez\u00e9t fogva \u00e1thidaljuk a neh\u00e9zs\u00e9geket,&nbsp;k\u00fcl\u00f6n\u00f6sen az implant\u00e1ci\u00f3s \u00e9s eszt\u00e9tikai beavatkoz\u00e1sokkal kapcsolatos aggodalmakat, \u00e9s minden sz\u00fcks\u00e9ges inform\u00e1ci\u00f3t megadjunk ahhoz, hogy nyugodtan \u00e9rkezzenek a kezel\u00e9sre. Sz\u00e1munkra kiemelten fontos, hogy csak olyan fogorvossal \u00e9s sz\u00e1jseb\u00e9sszel dolgozzunk egy\u00fctt, aki kiv\u00e1l\u00f3 referenci\u00e1k \u00e9s szakmai ismereteken t\u00fal, emberk\u00f6zpont\u00fa [&hellip;]\" \/>\n<meta property=\"og:url\" content=\"https:\/\/dentist4me.hu\/en\/kezdolap\/rolunk\/\" \/>\n<meta property=\"og:site_name\" content=\"Dentist4me\" \/>\n<meta property=\"article:modified_time\" content=\"2026-04-13T10:47:28+00:00\" \/>\n<meta property=\"og:image\" content=\"https:\/\/dentist4me.hu\/wp-content\/uploads\/2026\/02\/Facetune_19-02-2026-17-39-10-e1775633985409.jpeg\" \/>\n\t<meta property=\"og:image:width\" content=\"683\" \/>\n\t<meta property=\"og:image:height\" content=\"1024\" \/>\n\t<meta property=\"og:image:type\" content=\"image\/jpeg\" \/>\n<meta name=\"twitter:card\" content=\"summary_large_image\" \/>\n<meta name=\"twitter:label1\" content=\"Est. reading time\" \/>\n\t<meta name=\"twitter:data1\" content=\"1 minute\" \/>\n<script type=\"application\/ld+json\" class=\"yoast-schema-graph\">{\"@context\":\"https:\/\/schema.org\",\"@graph\":[{\"@type\":\"WebPage\",\"@id\":\"https:\/\/dentist4me.hu\/kezdolap\/rolunk\/\",\"url\":\"https:\/\/dentist4me.hu\/kezdolap\/rolunk\/\",\"name\":\"R\u00f3lunk - Dentist4me\",\"isPartOf\":{\"@id\":\"https:\/\/dentist4me.hu\/#website\"},\"primaryImageOfPage\":{\"@id\":\"https:\/\/dentist4me.hu\/kezdolap\/rolunk\/#primaryimage\"},\"image\":{\"@id\":\"https:\/\/dentist4me.hu\/kezdolap\/rolunk\/#primaryimage\"},\"thumbnailUrl\":\"https:\/\/dentist4me.hu\/wp-content\/uploads\/2026\/02\/Facetune_19-02-2026-17-39-10-e1775633985409.jpeg\",\"datePublished\":\"2026-04-08T08:50:18+00:00\",\"dateModified\":\"2026-04-13T10:47:28+00:00\",\"breadcrumb\":{\"@id\":\"https:\/\/dentist4me.hu\/kezdolap\/rolunk\/#breadcrumb\"},\"inLanguage\":\"en-US\",\"potentialAction\":[{\"@type\":\"ReadAction\",\"target\":[\"https:\/\/dentist4me.hu\/kezdolap\/rolunk\/\"]}]},{\"@type\":\"ImageObject\",\"inLanguage\":\"en-US\",\"@id\":\"https:\/\/dentist4me.hu\/kezdolap\/rolunk\/#primaryimage\",\"url\":\"https:\/\/dentist4me.hu\/wp-content\/uploads\/2026\/02\/Facetune_19-02-2026-17-39-10-e1775633985409.jpeg\",\"contentUrl\":\"https:\/\/dentist4me.hu\/wp-content\/uploads\/2026\/02\/Facetune_19-02-2026-17-39-10-e1775633985409.jpeg\",\"width\":683,\"height\":1024},{\"@type\":\"BreadcrumbList\",\"@id\":\"https:\/\/dentist4me.hu\/kezdolap\/rolunk\/#breadcrumb\",\"itemListElement\":[{\"@type\":\"ListItem\",\"position\":1,\"name\":\"Kezd\u0151lap\",\"item\":\"https:\/\/dentist4me.hu\/\"},{\"@type\":\"ListItem\",\"position\":2,\"name\":\"Kezd\u0151lap\",\"item\":\"https:\/\/dentist4me.hu\/\"},{\"@type\":\"ListItem\",\"position\":3,\"name\":\"R\u00f3lunk\"}]},{\"@type\":\"WebSite\",\"@id\":\"https:\/\/dentist4me.hu\/#website\",\"url\":\"https:\/\/dentist4me.hu\/\",\"name\":\"Dentist4me\",\"description\":\"H\u00edd a fogorvos \u00e9s a p\u00e1ciens k\u00f6z\u00f6tt\",\"potentialAction\":[{\"@type\":\"SearchAction\",\"target\":{\"@type\":\"EntryPoint\",\"urlTemplate\":\"https:\/\/dentist4me.hu\/?s={search_term_string}\"},\"query-input\":{\"@type\":\"PropertyValueSpecification\",\"valueRequired\":true,\"valueName\":\"search_term_string\"}}],\"inLanguage\":\"en-US\"}]}<\/script>\n<!-- \/ Yoast SEO plugin. -->","yoast_head_json":{"title":"R\u00f3lunk - Dentist4me","robots":{"index":"index","follow":"follow","max-snippet":"max-snippet:-1","max-image-preview":"max-image-preview:large","max-video-preview":"max-video-preview:-1"},"canonical":"https:\/\/dentist4me.hu\/en\/kezdolap\/rolunk\/","og_locale":"en_US","og_type":"article","og_title":"R\u00f3lunk - Dentist4me","og_description":"A stresszmentes kezel\u00e9s mindenkinek j\u00e1r.&nbsp;Mindezt&nbsp;d\u00edjmentes&nbsp;konzult\u00e1ci\u00f3val tessz\u00fck m\u00e9g egyszer\u0171bb\u00e9! K\u00fcldet\u00e9s\u00fcnk, hogy a p\u00e1cienseink kez\u00e9t fogva \u00e1thidaljuk a neh\u00e9zs\u00e9geket,&nbsp;k\u00fcl\u00f6n\u00f6sen az implant\u00e1ci\u00f3s \u00e9s eszt\u00e9tikai beavatkoz\u00e1sokkal kapcsolatos aggodalmakat, \u00e9s minden sz\u00fcks\u00e9ges inform\u00e1ci\u00f3t megadjunk ahhoz, hogy nyugodtan \u00e9rkezzenek a kezel\u00e9sre. Sz\u00e1munkra kiemelten fontos, hogy csak olyan fogorvossal \u00e9s sz\u00e1jseb\u00e9sszel dolgozzunk egy\u00fctt, aki kiv\u00e1l\u00f3 referenci\u00e1k \u00e9s szakmai ismereteken t\u00fal, emberk\u00f6zpont\u00fa [&hellip;]","og_url":"https:\/\/dentist4me.hu\/en\/kezdolap\/rolunk\/","og_site_name":"Dentist4me","article_modified_time":"2026-04-13T10:47:28+00:00","og_image":[{"width":683,"height":1024,"url":"https:\/\/dentist4me.hu\/wp-content\/uploads\/2026\/02\/Facetune_19-02-2026-17-39-10-e1775633985409.jpeg","type":"image\/jpeg"}],"twitter_card":"summary_large_image","twitter_misc":{"Est. reading time":"1 minute"},"schema":{"@context":"https:\/\/schema.org","@graph":[{"@type":"WebPage","@id":"https:\/\/dentist4me.hu\/kezdolap\/rolunk\/","url":"https:\/\/dentist4me.hu\/kezdolap\/rolunk\/","name":"R\u00f3lunk - Dentist4me","isPartOf":{"@id":"https:\/\/dentist4me.hu\/#website"},"primaryImageOfPage":{"@id":"https:\/\/dentist4me.hu\/kezdolap\/rolunk\/#primaryimage"},"image":{"@id":"https:\/\/dentist4me.hu\/kezdolap\/rolunk\/#primaryimage"},"thumbnailUrl":"https:\/\/dentist4me.hu\/wp-content\/uploads\/2026\/02\/Facetune_19-02-2026-17-39-10-e1775633985409.jpeg","datePublished":"2026-04-08T08:50:18+00:00","dateModified":"2026-04-13T10:47:28+00:00","breadcrumb":{"@id":"https:\/\/dentist4me.hu\/kezdolap\/rolunk\/#breadcrumb"},"inLanguage":"en-US","potentialAction":[{"@type":"ReadAction","target":["https:\/\/dentist4me.hu\/kezdolap\/rolunk\/"]}]},{"@type":"ImageObject","inLanguage":"en-US","@id":"https:\/\/dentist4me.hu\/kezdolap\/rolunk\/#primaryimage","url":"https:\/\/dentist4me.hu\/wp-content\/uploads\/2026\/02\/Facetune_19-02-2026-17-39-10-e1775633985409.jpeg","contentUrl":"https:\/\/dentist4me.hu\/wp-content\/uploads\/2026\/02\/Facetune_19-02-2026-17-39-10-e1775633985409.jpeg","width":683,"height":1024},{"@type":"BreadcrumbList","@id":"https:\/\/dentist4me.hu\/kezdolap\/rolunk\/#breadcrumb","itemListElement":[{"@type":"ListItem","position":1,"name":"Kezd\u0151lap","item":"https:\/\/dentist4me.hu\/"},{"@type":"ListItem","position":2,"name":"Kezd\u0151lap","item":"https:\/\/dentist4me.hu\/"},{"@type":"ListItem","position":3,"name":"R\u00f3lunk"}]},{"@type":"WebSite","@id":"https:\/\/dentist4me.hu\/#website","url":"https:\/\/dentist4me.hu\/","name":"Dentist4me","description":"H\u00edd a fogorvos \u00e9s a p\u00e1ciens k\u00f6z\u00f6tt","potentialAction":[{"@type":"SearchAction","target":{"@type":"EntryPoint","urlTemplate":"https:\/\/dentist4me.hu\/?s={search_term_string}"},"query-input":{"@type":"PropertyValueSpecification","valueRequired":true,"valueName":"search_term_string"}}],"inLanguage":"en-US"}]}},"_links":{"self":[{"href":"https:\/\/dentist4me.hu\/en\/wp-json\/wp\/v2\/pages\/670","targetHints":{"allow":["GET"]}}],"collection":[{"href":"https:\/\/dentist4me.hu\/en\/wp-json\/wp\/v2\/pages"}],"about":[{"href":"https:\/\/dentist4me.hu\/en\/wp-json\/wp\/v2\/types\/page"}],"author":[{"embeddable":true,"href":"https:\/\/dentist4me.hu\/en\/wp-json\/wp\/v2\/users\/2"}],"replies":[{"embeddable":true,"href":"https:\/\/dentist4me.hu\/en\/wp-json\/wp\/v2\/comments?post=670"}],"version-history":[{"count":11,"href":"https:\/\/dentist4me.hu\/en\/wp-json\/wp\/v2\/pages\/670\/revisions"}],"predecessor-version":[{"id":706,"href":"https:\/\/dentist4me.hu\/en\/wp-json\/wp\/v2\/pages\/670\/revisions\/706"}],"up":[{"embeddable":true,"href":"https:\/\/dentist4me.hu\/en\/wp-json\/wp\/v2\/pages\/61"}],"wp:featuredmedia":[{"embeddable":true,"href":"https:\/\/dentist4me.hu\/en\/wp-json\/wp\/v2\/media\/560"}],"wp:attachment":[{"href":"https:\/\/dentist4me.hu\/en\/wp-json\/wp\/v2\/media?parent=670"}],"curies":[{"name":"wp","href":"https:\/\/api.w.org\/{rel}","templated":true}]}}